{"id":2111,"date":"2024-06-12T21:55:12","date_gmt":"2024-06-12T19:55:12","guid":{"rendered":"https:\/\/arcs1950.com\/hiver\/?page_id=2056"},"modified":"2024-09-20T17:24:12","modified_gmt":"2024-09-20T15:24:12","slug":"politique-de-confidentialite","status":"publish","type":"page","link":"https:\/\/arcs1950.com\/ete\/politique-de-confidentialite\/","title":{"rendered":"Politique de confidentialit\u00e9"},"content":{"rendered":"\t\t<div data-elementor-type=\"wp-page\" data-elementor-id=\"2111\" class=\"elementor elementor-2111\">\n\t\t\t\t<div class=\"elementor-element elementor-element-47e47070 e-flex e-con-boxed e-con e-parent\" data-id=\"47e47070\" data-element_type=\"container\" data-e-type=\"container\">\n\t\t\t\t\t<div class=\"e-con-inner\">\n\t\t\t\t<div class=\"elementor-element elementor-element-772c3235 elementor-widget elementor-widget-text-editor\" data-id=\"772c3235\" data-element_type=\"widget\" data-e-type=\"widget\" data-widget_type=\"text-editor.default\">\n\t\t\t\t<div class=\"elementor-widget-container\">\n\t\t\t\t\t\t\t\t\t\n<p><strong>L\u2019adresse du site est :<\/strong> https:\/\/www.arcs1950.com<br \/><strong>Directeur de publication :<\/strong>\u00a0Monsieur LAFERRIERE Jean-Marc<\/p>\n<p>\u00a0<\/p>\n<p>Monsieur LAFERRIERE Jean-Marc, responsable de traitement au sens du R\u00e8glement G\u00e9n\u00e9ral sur la Protection des Donn\u00e9es n\u00b02016\/679 du 27 avril 2016 (RGPD) et de la Loi dite \u00ab Informatique et Libert\u00e9s \u00bb n\u00b078-17 du 6 janvier 1978, s\u2019engage \u00e0 respecter ses obligations en mati\u00e8re de protection des donn\u00e9es \u00e0 caract\u00e8re personnel. Elle utilise vos donn\u00e9es de mani\u00e8re responsable, et confidentielle.<\/p>\n<p>La pr\u00e9sente politique de confidentialit\u00e9 s\u2019applique aux traitements de donn\u00e9es \u00e0 caract\u00e8re personnel r\u00e9alis\u00e9s par Monsieur LAFERRIERE Jean-Marc via son site internet www.arcs1950.com, lesquels sont r\u00e9alis\u00e9s conform\u00e9ment aux dispositions du RGPD et de la Loi informatique et Libert\u00e9s.<\/p>\n<p>Une donn\u00e9e personnelle est une information relative \u00e0 une personne physique qui peut \u00eatre identifi\u00e9e directement ou indirectement, soit \u00e0 partir de l\u2019information elle-m\u00eame, soit en croisant plusieurs informations.<br \/>Un traitement est constitu\u00e9 par toute op\u00e9ration qui porte sur une donn\u00e9e \u00e0 caract\u00e8re personnel, comme la consultation, l\u2019utilisation, l\u2019organisation, la modification ou la suppression.<\/p>\n<p>La collecte, l\u2019utilisation et l\u2019enregistrement de vos donn\u00e9es via ledit formulaire de contact sont n\u00e9cessaires \u00e0 Monsieur LAFERRIERE Jean-Marc afin de r\u00e9pondre aux questions que vous lui adressez.<\/p>\n<p>\u00a0<\/p>\n<p>\u00a0<\/p>\n<h2><span style=\"color: #53624e;\"><strong>1. Utilisation de vos donn\u00e9es<\/strong><\/span><\/h2>\n<p><br \/>Monsieur LAFERRIERE Jean-Marc traite vos donn\u00e9es \u00e0 caract\u00e8re personnel re\u00e7ues directement de votre part, lorsque vous remplissez le formulaire de contact sur le site ou souscrivez \u00e0 une offre.<br \/>Le traitement est n\u00e9cessaire \u00e0 l\u2019ex\u00e9cution de mesures pr\u00e9contractuelles, et ce, \u00e0 votre demande. Le traitement est \u00e9galement n\u00e9cessaire au bon fonctionnement de la plateforme de Monsieur LAFERRIERE Jean-Marc.<br \/>Les cat\u00e9gories de donn\u00e9es personnelles trait\u00e9es sont les suivantes : nom, pr\u00e9nom, adresse mail, t\u00e9l\u00e9phone.<br \/>\u00c0 d\u00e9faut de renseigner ces donn\u00e9es, Monsieur LAFERRIERE Jean-Marc ne sera pas en mesure de satisfaire votre demande.<br \/>Lesdites donn\u00e9es sont utilis\u00e9es \u00e0 seule fin de pouvoir vous renseigner, et communiquer avec vous et de vous garantir un acc\u00e8s \u00e0 la plateforme.<br \/>Les donn\u00e9es \u00e0 caract\u00e8re personnel que vous nous transmettez ne sont accessibles qu\u2019aux personnels de Monsieur LAFERRIERE Jean-Marc habilit\u00e9s.<br \/>Les donn\u00e9es collect\u00e9es sont conserv\u00e9es le temps du traitement de votre demande de contact, et de la relation contractuelle si elle se noue.<br \/>\u00c0 l\u2019issue de ce d\u00e9lai, Monsieur LAFERRIERE Jean-Marc peut conserver ces donn\u00e9es dans une base dite d\u2019archive interm\u00e9diaire, et ce, pendant la dur\u00e9e de prescription l\u00e9gale, dans le seul but de pr\u00e9server ses droits dans l\u2019hypoth\u00e8se d\u2019un \u00e9ventuel contentieux.<\/p>\n<p>\u00a0<\/p>\n<h2><span style=\"color: #53624e;\"><strong>2. Droits dont vous disposez<\/strong><\/span><\/h2>\n<p><br \/>Vous avez la possibilit\u00e9 de :<\/p>\n<ul>\n<li>Demander l\u2019acc\u00e8s \u00e0 vos donn\u00e9es ;<\/li>\n<li>Demander la rectification de vos donn\u00e9es ;<\/li>\n<li>Demander l\u2019effacement de vos donn\u00e9es ;<\/li>\n<li>Demander \u00e0 limiter le traitement de vos donn\u00e9es ;<\/li>\n<li>Vous opposez au traitement de vos donn\u00e9es\u202f;<\/li>\n<li>D\u00e9finir des directives relatives au sort de vos donn\u00e9es apr\u00e8s votre d\u00e9c\u00e8s.<\/li>\n<\/ul>\n<p><br \/>Si vous souhaitez exercer ces droits, vous pouvez faire la demande par mail \u00e0 l\u2019adresse contact@arcs1950.com.<br \/><br \/>Si Monsieur LAFERRIERE Jean-Marc a des doutes raisonnables sur votre identit\u00e9, elle se r\u00e9serve la possibilit\u00e9 de vous demander la copie de votre pi\u00e8ce d\u2019identit\u00e9 sign\u00e9e avant de donner suite \u00e0 l\u2019exercice de votre droit.<br \/>Une fois votre identit\u00e9 suffisamment \u00e9tablie, Monsieur LAFERRIERE Jean-Marc vous adressera une r\u00e9ponse sous un mois \u00e0 compter de la r\u00e9ception de votre demande. Selon la complexit\u00e9 ou le nombre de demandes, ce d\u00e9lai est susceptible d\u2019\u00eatre prolong\u00e9 de deux mois, ce dont vous serez naturellement avis\u00e9.<br \/><br \/>Si vous estimez que vos donn\u00e9es ne sont pas trait\u00e9es conform\u00e9ment \u00e0 la R\u00e9glementation applicable, vous pouvez d\u00e9poser une plainte aupr\u00e8s de la Commission Nationale de l\u2019Informatique et des Libert\u00e9s (CNIL). Il s\u2019agit de l\u2019autorit\u00e9 de contr\u00f4le charg\u00e9e des questions li\u00e9es au traitement des donn\u00e9es personnelles. La CNIL peut \u00eatre contact\u00e9e au 3, Place de Fontenoy \u2013 TSA 80715 \u2013 75334 PARIS CEDEX 07, par t\u00e9l\u00e9phone au 01 53 73 22 22, et sur son site internet : www.cnil.fr.<br \/>Nous vous remercions d\u2019avoir pris connaissance de la pr\u00e9sente Politique, laquelle est susceptible d\u2019\u00e9voluer. Aussi, nous vous invitons \u00e0 la consulter r\u00e9guli\u00e8rement.<\/p>\n<p>\u00a0<\/p>\n<h2><span style=\"color: #53624e;\"><strong>3. Politique de cookies<\/strong><\/span><\/h2>\n<p><br \/>Le site www.arcs1950.com utilise des cookies afin d\u2019am\u00e9liorer votre exp\u00e9rience utilisateur et d\u2019assurer la protection de ce dernier.<\/p>\n\t\t\t\t\t\t\t\t<\/div>\n\t\t\t\t<\/div>\n\t\t\t\t\t<\/div>\n\t\t\t\t<\/div>\n\t\t\t\t<\/div>\n\t\t","protected":false},"excerpt":{"rendered":"<p>L\u2019adresse du site est : https:\/\/www.arcs1950.comDirecteur de publication :\u00a0Monsieur LAFERRIERE Jean-Marc \u00a0 Monsieur LAFERRIERE Jean-Marc, responsable de traitement au sens du R\u00e8glement G\u00e9n\u00e9ral sur la Protection des Donn\u00e9es n\u00b02016\/679 du 27 avril 2016 (RGPD) et de la Loi dite \u00ab Informatique et Libert\u00e9s \u00bb n\u00b078-17 du 6 janvier 1978, s\u2019engage \u00e0 respecter ses obligations en &#8230;<\/p>\n","protected":false},"author":1,"featured_media":3967,"parent":0,"menu_order":0,"comment_status":"closed","ping_status":"closed","template":"template-fullwidth.php","meta":{"cozystay_single_page_hide_site_header":"","cozystay_single_page_site_header_source":"","cozystay_single_page_custom_site_header":"0","cozystay_single_page_custom_sticky_site_header":"0","cozystay_single_page_hide_page_title":"","cozystay_single_page_header_section_size":"","cozystay_single_page_header_background_color":"","cozystay_single_page_header_background_position_x":"center","cozystay_single_page_header_background_position_y":"center","cozystay_single_page_header_background_size":"cover","cozystay_single_page_header_background_repeat":"off","cozystay_single_page_header_background_scroll":"on","cozystay_single_page_header_text_color":"","cozystay_single_page_header_show_breadcrumb":"","cozystay_single_page_site_footer_hide_main":"","cozystay_single_custom_site_footer_main_source":"","cozystay_single_custom_site_footer_main":"0","cozystay_single_page_site_footer_hide_above":"","cozystay_single_custom_site_footer_above_source":"","cozystay_single_custom_site_footer_above":"0","cozystay_single_page_site_footer_hide_instagram":"","cozystay_single_page_site_footer_hide_bottom":"","cozystay_single_custom_mobile_menu_source":"","cozystay_single_custom_mobile_menu":"0","cozystay_single_custom_mobile_menu_animation":"","cozystay_single_custom_mobile_menu_width":"","cozystay_single_custom_mobile_menu_custom_width":375,"footnotes":""},"class_list":["post-2111","page","type-page","status-publish","has-post-thumbnail","hentry"],"yoast_head":"<!-- This site is optimized with the Yoast SEO plugin v27.5 - https:\/\/yoast.com\/product\/yoast-seo-wordpress\/ -->\n<title>Politique de confidentialit\u00e9 - Arcs 1950 - Printemps \/ Et\u00e9<\/title>\n<meta name=\"robots\" content=\"index, follow, max-snippet:-1, max-image-preview:large, max-video-preview:-1\" \/>\n<link rel=\"canonical\" href=\"https:\/\/arcs1950.com\/ete\/politique-de-confidentialite\/\" \/>\n<meta property=\"og:locale\" content=\"fr_FR\" \/>\n<meta property=\"og:type\" content=\"article\" \/>\n<meta property=\"og:title\" content=\"Politique de confidentialit\u00e9 - Arcs 1950 - Printemps \/ Et\u00e9\" \/>\n<meta property=\"og:description\" content=\"L\u2019adresse du site est : https:\/\/www.arcs1950.comDirecteur de publication :\u00a0Monsieur LAFERRIERE Jean-Marc \u00a0 Monsieur LAFERRIERE Jean-Marc, responsable de traitement au sens du R\u00e8glement G\u00e9n\u00e9ral sur la Protection des Donn\u00e9es n\u00b02016\/679 du 27 avril 2016 (RGPD) et de la Loi dite \u00ab Informatique et Libert\u00e9s \u00bb n\u00b078-17 du 6 janvier 1978, s\u2019engage \u00e0 respecter ses obligations en ...\" \/>\n<meta property=\"og:url\" content=\"https:\/\/arcs1950.com\/ete\/politique-de-confidentialite\/\" \/>\n<meta property=\"og:site_name\" content=\"Arcs 1950 - Printemps \/ Et\u00e9\" \/>\n<meta property=\"article:modified_time\" content=\"2024-09-20T15:24:12+00:00\" \/>\n<meta property=\"og:image\" content=\"https:\/\/arcs1950.com\/ete\/wp-content\/uploads\/sites\/2\/2024\/09\/shutterstock_484678897-2-1024x683.png\" \/>\n\t<meta property=\"og:image:width\" content=\"1024\" \/>\n\t<meta property=\"og:image:height\" content=\"683\" \/>\n\t<meta property=\"og:image:type\" content=\"image\/png\" \/>\n<meta name=\"twitter:card\" content=\"summary_large_image\" \/>\n<meta name=\"twitter:label1\" content=\"Dur\u00e9e de lecture estim\u00e9e\" \/>\n\t<meta name=\"twitter:data1\" content=\"4 minutes\" \/>\n<script type=\"application\/ld+json\" class=\"yoast-schema-graph\">{\"@context\":\"https:\\\/\\\/schema.org\",\"@graph\":[{\"@type\":\"WebPage\",\"@id\":\"https:\\\/\\\/arcs1950.com\\\/ete\\\/politique-de-confidentialite\\\/\",\"url\":\"https:\\\/\\\/arcs1950.com\\\/ete\\\/politique-de-confidentialite\\\/\",\"name\":\"Politique de confidentialit\u00e9 - Arcs 1950 - Printemps \\\/ Et\u00e9\",\"isPartOf\":{\"@id\":\"https:\\\/\\\/arcs1950.com\\\/ete\\\/#website\"},\"primaryImageOfPage\":{\"@id\":\"https:\\\/\\\/arcs1950.com\\\/ete\\\/politique-de-confidentialite\\\/#primaryimage\"},\"image\":{\"@id\":\"https:\\\/\\\/arcs1950.com\\\/ete\\\/politique-de-confidentialite\\\/#primaryimage\"},\"thumbnailUrl\":\"https:\\\/\\\/arcs1950.com\\\/ete\\\/wp-content\\\/uploads\\\/sites\\\/2\\\/2024\\\/09\\\/shutterstock_484678897-2.png\",\"datePublished\":\"2024-06-12T19:55:12+00:00\",\"dateModified\":\"2024-09-20T15:24:12+00:00\",\"breadcrumb\":{\"@id\":\"https:\\\/\\\/arcs1950.com\\\/ete\\\/politique-de-confidentialite\\\/#breadcrumb\"},\"inLanguage\":\"fr-FR\",\"potentialAction\":[{\"@type\":\"ReadAction\",\"target\":[\"https:\\\/\\\/arcs1950.com\\\/ete\\\/politique-de-confidentialite\\\/\"]}]},{\"@type\":\"ImageObject\",\"inLanguage\":\"fr-FR\",\"@id\":\"https:\\\/\\\/arcs1950.com\\\/ete\\\/politique-de-confidentialite\\\/#primaryimage\",\"url\":\"https:\\\/\\\/arcs1950.com\\\/ete\\\/wp-content\\\/uploads\\\/sites\\\/2\\\/2024\\\/09\\\/shutterstock_484678897-2.png\",\"contentUrl\":\"https:\\\/\\\/arcs1950.com\\\/ete\\\/wp-content\\\/uploads\\\/sites\\\/2\\\/2024\\\/09\\\/shutterstock_484678897-2.png\",\"width\":2700,\"height\":1800},{\"@type\":\"BreadcrumbList\",\"@id\":\"https:\\\/\\\/arcs1950.com\\\/ete\\\/politique-de-confidentialite\\\/#breadcrumb\",\"itemListElement\":[{\"@type\":\"ListItem\",\"position\":1,\"name\":\"Home\",\"item\":\"https:\\\/\\\/arcs1950.com\\\/ete\\\/\"},{\"@type\":\"ListItem\",\"position\":2,\"name\":\"Politique de confidentialit\u00e9\"}]},{\"@type\":\"WebSite\",\"@id\":\"https:\\\/\\\/arcs1950.com\\\/ete\\\/#website\",\"url\":\"https:\\\/\\\/arcs1950.com\\\/ete\\\/\",\"name\":\"Arcs 1950 - Printemps \\\/ Et\u00e9\",\"description\":\"\",\"publisher\":{\"@id\":\"https:\\\/\\\/arcs1950.com\\\/ete\\\/#organization\"},\"potentialAction\":[{\"@type\":\"SearchAction\",\"target\":{\"@type\":\"EntryPoint\",\"urlTemplate\":\"https:\\\/\\\/arcs1950.com\\\/ete\\\/?s={search_term_string}\"},\"query-input\":{\"@type\":\"PropertyValueSpecification\",\"valueRequired\":true,\"valueName\":\"search_term_string\"}}],\"inLanguage\":\"fr-FR\"},{\"@type\":\"Organization\",\"@id\":\"https:\\\/\\\/arcs1950.com\\\/ete\\\/#organization\",\"name\":\"Arcs 1950 - Printemps \\\/ Et\u00e9\",\"url\":\"https:\\\/\\\/arcs1950.com\\\/ete\\\/\",\"logo\":{\"@type\":\"ImageObject\",\"inLanguage\":\"fr-FR\",\"@id\":\"https:\\\/\\\/arcs1950.com\\\/ete\\\/#\\\/schema\\\/logo\\\/image\\\/\",\"url\":\"https:\\\/\\\/arcs1950.com\\\/ete\\\/wp-content\\\/uploads\\\/sites\\\/2\\\/2023\\\/03\\\/logo-3.png\",\"contentUrl\":\"https:\\\/\\\/arcs1950.com\\\/ete\\\/wp-content\\\/uploads\\\/sites\\\/2\\\/2023\\\/03\\\/logo-3.png\",\"width\":457,\"height\":91,\"caption\":\"Arcs 1950 - Printemps \\\/ Et\u00e9\"},\"image\":{\"@id\":\"https:\\\/\\\/arcs1950.com\\\/ete\\\/#\\\/schema\\\/logo\\\/image\\\/\"}}]}<\/script>\n<!-- \/ Yoast SEO plugin. -->","yoast_head_json":{"title":"Politique de confidentialit\u00e9 - Arcs 1950 - Printemps \/ Et\u00e9","robots":{"index":"index","follow":"follow","max-snippet":"max-snippet:-1","max-image-preview":"max-image-preview:large","max-video-preview":"max-video-preview:-1"},"canonical":"https:\/\/arcs1950.com\/ete\/politique-de-confidentialite\/","og_locale":"fr_FR","og_type":"article","og_title":"Politique de confidentialit\u00e9 - Arcs 1950 - Printemps \/ Et\u00e9","og_description":"L\u2019adresse du site est : https:\/\/www.arcs1950.comDirecteur de publication :\u00a0Monsieur LAFERRIERE Jean-Marc \u00a0 Monsieur LAFERRIERE Jean-Marc, responsable de traitement au sens du R\u00e8glement G\u00e9n\u00e9ral sur la Protection des Donn\u00e9es n\u00b02016\/679 du 27 avril 2016 (RGPD) et de la Loi dite \u00ab Informatique et Libert\u00e9s \u00bb n\u00b078-17 du 6 janvier 1978, s\u2019engage \u00e0 respecter ses obligations en ...","og_url":"https:\/\/arcs1950.com\/ete\/politique-de-confidentialite\/","og_site_name":"Arcs 1950 - Printemps \/ Et\u00e9","article_modified_time":"2024-09-20T15:24:12+00:00","og_image":[{"width":1024,"height":683,"url":"https:\/\/arcs1950.com\/ete\/wp-content\/uploads\/sites\/2\/2024\/09\/shutterstock_484678897-2-1024x683.png","type":"image\/png"}],"twitter_card":"summary_large_image","twitter_misc":{"Dur\u00e9e de lecture estim\u00e9e":"4 minutes"},"schema":{"@context":"https:\/\/schema.org","@graph":[{"@type":"WebPage","@id":"https:\/\/arcs1950.com\/ete\/politique-de-confidentialite\/","url":"https:\/\/arcs1950.com\/ete\/politique-de-confidentialite\/","name":"Politique de confidentialit\u00e9 - Arcs 1950 - Printemps \/ Et\u00e9","isPartOf":{"@id":"https:\/\/arcs1950.com\/ete\/#website"},"primaryImageOfPage":{"@id":"https:\/\/arcs1950.com\/ete\/politique-de-confidentialite\/#primaryimage"},"image":{"@id":"https:\/\/arcs1950.com\/ete\/politique-de-confidentialite\/#primaryimage"},"thumbnailUrl":"https:\/\/arcs1950.com\/ete\/wp-content\/uploads\/sites\/2\/2024\/09\/shutterstock_484678897-2.png","datePublished":"2024-06-12T19:55:12+00:00","dateModified":"2024-09-20T15:24:12+00:00","breadcrumb":{"@id":"https:\/\/arcs1950.com\/ete\/politique-de-confidentialite\/#breadcrumb"},"inLanguage":"fr-FR","potentialAction":[{"@type":"ReadAction","target":["https:\/\/arcs1950.com\/ete\/politique-de-confidentialite\/"]}]},{"@type":"ImageObject","inLanguage":"fr-FR","@id":"https:\/\/arcs1950.com\/ete\/politique-de-confidentialite\/#primaryimage","url":"https:\/\/arcs1950.com\/ete\/wp-content\/uploads\/sites\/2\/2024\/09\/shutterstock_484678897-2.png","contentUrl":"https:\/\/arcs1950.com\/ete\/wp-content\/uploads\/sites\/2\/2024\/09\/shutterstock_484678897-2.png","width":2700,"height":1800},{"@type":"BreadcrumbList","@id":"https:\/\/arcs1950.com\/ete\/politique-de-confidentialite\/#breadcrumb","itemListElement":[{"@type":"ListItem","position":1,"name":"Home","item":"https:\/\/arcs1950.com\/ete\/"},{"@type":"ListItem","position":2,"name":"Politique de confidentialit\u00e9"}]},{"@type":"WebSite","@id":"https:\/\/arcs1950.com\/ete\/#website","url":"https:\/\/arcs1950.com\/ete\/","name":"Arcs 1950 - Printemps \/ Et\u00e9","description":"","publisher":{"@id":"https:\/\/arcs1950.com\/ete\/#organization"},"potentialAction":[{"@type":"SearchAction","target":{"@type":"EntryPoint","urlTemplate":"https:\/\/arcs1950.com\/ete\/?s={search_term_string}"},"query-input":{"@type":"PropertyValueSpecification","valueRequired":true,"valueName":"search_term_string"}}],"inLanguage":"fr-FR"},{"@type":"Organization","@id":"https:\/\/arcs1950.com\/ete\/#organization","name":"Arcs 1950 - Printemps \/ Et\u00e9","url":"https:\/\/arcs1950.com\/ete\/","logo":{"@type":"ImageObject","inLanguage":"fr-FR","@id":"https:\/\/arcs1950.com\/ete\/#\/schema\/logo\/image\/","url":"https:\/\/arcs1950.com\/ete\/wp-content\/uploads\/sites\/2\/2023\/03\/logo-3.png","contentUrl":"https:\/\/arcs1950.com\/ete\/wp-content\/uploads\/sites\/2\/2023\/03\/logo-3.png","width":457,"height":91,"caption":"Arcs 1950 - Printemps \/ Et\u00e9"},"image":{"@id":"https:\/\/arcs1950.com\/ete\/#\/schema\/logo\/image\/"}}]}},"_links":{"self":[{"href":"https:\/\/arcs1950.com\/ete\/wp-json\/wp\/v2\/pages\/2111","targetHints":{"allow":["GET"]}}],"collection":[{"href":"https:\/\/arcs1950.com\/ete\/wp-json\/wp\/v2\/pages"}],"about":[{"href":"https:\/\/arcs1950.com\/ete\/wp-json\/wp\/v2\/types\/page"}],"author":[{"embeddable":true,"href":"https:\/\/arcs1950.com\/ete\/wp-json\/wp\/v2\/users\/1"}],"replies":[{"embeddable":true,"href":"https:\/\/arcs1950.com\/ete\/wp-json\/wp\/v2\/comments?post=2111"}],"version-history":[{"count":6,"href":"https:\/\/arcs1950.com\/ete\/wp-json\/wp\/v2\/pages\/2111\/revisions"}],"predecessor-version":[{"id":4193,"href":"https:\/\/arcs1950.com\/ete\/wp-json\/wp\/v2\/pages\/2111\/revisions\/4193"}],"wp:featuredmedia":[{"embeddable":true,"href":"https:\/\/arcs1950.com\/ete\/wp-json\/wp\/v2\/media\/3967"}],"wp:attachment":[{"href":"https:\/\/arcs1950.com\/ete\/wp-json\/wp\/v2\/media?parent=2111"}],"curies":[{"name":"wp","href":"https:\/\/api.w.org\/{rel}","templated":true}]}}